{"id":5000,"date":"2015-09-10T10:15:21","date_gmt":"2015-09-10T08:15:21","guid":{"rendered":"https:\/\/youngcaritas.eu\/grundidee\/"},"modified":"2015-09-10T10:15:21","modified_gmt":"2015-09-10T08:15:21","slug":"grundidee","status":"publish","type":"page","link":"https:\/\/youngcaritas.eu\/de\/grundidee\/","title":{"rendered":"Grundidee"},"content":{"rendered":"<p><strong>Ein Netzwerk f\u00fcr ein solidarisches Europa<\/strong><\/p>\n<figure id=\"attachment_2388\" aria-describedby=\"caption-attachment-2388\" style=\"width: 300px\" class=\"wp-caption alignright\"><img loading=\"lazy\" decoding=\"async\" class=\"wp-image-2388\" src=\"https:\/\/youngcaritas.eu\/wp-content\/uploads\/2018\/03\/MAINIDEA-300x225.jpg\" alt=\"\" width=\"300\" height=\"225\" srcset=\"https:\/\/youngcaritas.eu\/wp-content\/uploads\/2018\/03\/MAINIDEA-300x225.jpg 300w, https:\/\/youngcaritas.eu\/wp-content\/uploads\/2018\/03\/MAINIDEA-768x576.jpg 768w, https:\/\/youngcaritas.eu\/wp-content\/uploads\/2018\/03\/MAINIDEA.jpg 960w\" sizes=\"(max-width: 300px) 100vw, 300px\" \/><figcaption id=\"caption-attachment-2388\" class=\"wp-caption-text\">Ein historischer Moment: Die Vereinbarung zwischen &#8220;Young Caritas in Europe&#8221; und &#8220;Caritas Europa&#8221; zur Planung der gro\u00dfen Konferenz in Georgien zum Thema Engagement von Freiwilligen!<\/figcaption><\/figure>\n<p style=\"text-align: left;\"><span style=\"font-size: 1.0625rem;\">youngCaritas in Europe ist ein Netzwerk bestehend aus den f\u00fcnf nationalen youngCaritas aus\u00a0<\/span><span style=\"font-size: 1.0625rem;\"><a href=\"https:\/\/youngcaritas.eu\/de\/france\/\">Frankreich<\/a>, <a href=\"https:\/\/youngcaritas.eu\/de\/germany\/\">Deutschland<\/a>, <a href=\"https:\/\/youngcaritas.eu\/de\/luxembourg\/\">Luxemburg<\/a>, <a href=\"https:\/\/youngcaritas.eu\/de\/upperaustria\/\">\u00d6sterreich<\/a>, der <a href=\"https:\/\/youngcaritas.eu\/de\/switzerland\/\">Schweiz<\/a> und zwei lokalen youngCaritas aus <a href=\"https:\/\/youngcaritas.eu\/de\/south-tyrol\/\">S\u00fcdtirol<\/a> sowie <a href=\"https:\/\/youngcaritas.eu\/de\/vienna\/\">Wien<\/a>. Gemeinsam setzen wir uns f\u00fcr weltweite Solidarit\u00e4t ein<\/span><strong style=\"font-size: 1.0625rem;\">.\u00a0<\/strong><span style=\"font-size: 1.0625rem;\">Seit 2014 schaffen wir als Netzwerk wir M\u00f6glichkeiten, damit sich junge Menschen in Europa informieren, austauschen und sozial engagieren k\u00f6nnen. Wir sind offen f\u00fcr alle jungen Menschen unabh\u00e4ng-ig\u00a0<\/span><span style=\"font-size: 1.0625rem;\">ihres <\/span><span style=\"font-size: 1.0625rem;\">Ge<\/span><span style=\"font-size: 1.0625rem;\">schlechtes, ihrer Religionszugeh\u00f6rig<\/span><span style=\"font-size: 1.0625rem;\">keit,\u00a0<\/span>ihrer Nationalit\u00e4t, usw.<\/p>\n<p><strong>Strategische Partnerschaften<br \/>\n<\/strong><br \/>\nMit der finanziellen Unterst\u00fctzung von Erasmus+ und Movetia, k\u00f6nnen wir seit November 2017 unsere strategische Partnerschaft unter dem Motto <strong>you are welcome \u2013 young ideas for a solidary world <\/strong>weiter ausbauen. Dabei setzen wir uns f\u00fcr ein Europa und eine Welt ein, in welcher die gesamte<br \/>\nGesellschaft an einem Strick zieht. Wir fordern Frieden, Gerech-<br \/>\ntigkeit und gleiche Chancen f\u00fcr alle. Im Rahmen dieser Partner-<br \/>\nschaft finden internationale Austauschtreffen statt, es werden<br \/>\nviele Aktivit\u00e4ten, wie zum Beispiel Workshops, Einrichtungsbe-<br \/>\nsucheum Einblicke in Projekte der Caritas zu bekommen ange-<br \/>\nboten und gemeinsame soziale Projekte umgesetzt.<br \/>\nMehr Infos dazu findest du in unserer <a href=\"https:\/\/youngcaritas.eu\/category\/agenda\/\">Agenda<\/a>.<\/p>\n<p>Bei der ersten europ\u00e4ischen youngcaritas Konferenz vom 21. bis zum 23. November 2018 in Wien haben 70 Teilnehmer aus 31 unterschiedlichen L\u00e4ndern eine <a href=\"https:\/\/youngcaritas.eu\/the-vienna-declaration-on-young-caritas\/\">Deklaration der youngcaritas<\/a> verabschiedet.<\/p>\n<p>Willst du auch aktiv sein und selber ein Teil von youngCaritas in<br \/>\nEurope werden? Dann melde dich bei deiner youngCaritas, folge<br \/>\nuns auf <a href=\"https:\/\/www.facebook.com\/youngcaritas.eu\/\">Facebook<\/a> und <a href=\"https:\/\/www.instagram.com\/youngcaritasde\/\">Instagram<\/a>.<\/p>\n<p>Gemeinsam k\u00f6nnen wir die Welt ver\u00e4ndern.<\/p>\n<p>&nbsp;<\/p>\n","protected":false},"excerpt":{"rendered":"<p>Ein Netzwerk f\u00fcr ein solidarisches Europa youngCaritas in Europe ist ein Netzwerk bestehend aus den f\u00fcnf nationalen youngCaritas aus\u00a0Frankreich, Deutschland,<\/p>\n","protected":false},"author":4,"featured_media":0,"parent":0,"menu_order":0,"comment_status":"closed","ping_status":"closed","template":"","meta":{"_monsterinsights_skip_tracking":false,"_monsterinsights_sitenote_active":false,"_monsterinsights_sitenote_note":"","_monsterinsights_sitenote_category":0,"footnotes":"","_links_to":"","_links_to_target":""},"_links":{"self":[{"href":"https:\/\/youngcaritas.eu\/de\/wp-json\/wp\/v2\/pages\/5000"}],"collection":[{"href":"https:\/\/youngcaritas.eu\/de\/wp-json\/wp\/v2\/pages"}],"about":[{"href":"https:\/\/youngcaritas.eu\/de\/wp-json\/wp\/v2\/types\/page"}],"author":[{"embeddable":true,"href":"https:\/\/youngcaritas.eu\/de\/wp-json\/wp\/v2\/users\/4"}],"replies":[{"embeddable":true,"href":"https:\/\/youngcaritas.eu\/de\/wp-json\/wp\/v2\/comments?post=5000"}],"version-history":[{"count":0,"href":"https:\/\/youngcaritas.eu\/de\/wp-json\/wp\/v2\/pages\/5000\/revisions"}],"wp:attachment":[{"href":"https:\/\/youngcaritas.eu\/de\/wp-json\/wp\/v2\/media?parent=5000"}],"curies":[{"name":"wp","href":"https:\/\/api.w.org\/{rel}","templated":true}]}}