{"id":5012,"date":"2018-04-19T09:31:25","date_gmt":"2018-04-19T07:31:25","guid":{"rendered":"https:\/\/youngcaritas.eu\/mitglieder\/"},"modified":"2018-04-19T09:31:25","modified_gmt":"2018-04-19T07:31:25","slug":"mitglieder","status":"publish","type":"page","link":"https:\/\/youngcaritas.eu\/de\/mitglieder\/","title":{"rendered":"Mitglieder"},"content":{"rendered":"<div id='gallery-1' class='gallery galleryid-5012 gallery-columns-3 gallery-size-medium'><figure class='gallery-item'>\n\t\t\t<div class='gallery-icon landscape'>\n\t\t\t\t<a href='https:\/\/youngcaritas.eu\/de\/mitglieder\/logo_suedtirol-2-2\/'><img loading=\"lazy\" decoding=\"async\" width=\"300\" height=\"300\" src=\"https:\/\/youngcaritas.eu\/wp-content\/uploads\/2019\/01\/Logo_S\u00fcdtirol-300x300.jpg\" class=\"attachment-medium size-medium\" alt=\"\" aria-describedby=\"gallery-1-5924\" srcset=\"https:\/\/youngcaritas.eu\/wp-content\/uploads\/2019\/01\/Logo_S\u00fcdtirol-300x300.jpg 300w, https:\/\/youngcaritas.eu\/wp-content\/uploads\/2019\/01\/Logo_S\u00fcdtirol-150x150.jpg 150w, https:\/\/youngcaritas.eu\/wp-content\/uploads\/2019\/01\/Logo_S\u00fcdtirol.jpg 591w\" sizes=\"(max-width: 300px) 100vw, 300px\" \/><\/a>\n\t\t\t<\/div>\n\t\t\t\t<figcaption class='wp-caption-text gallery-caption' id='gallery-1-5924'>\n\t\t\t\tyoungCaritas South Tyrol\n\t\t\t\t<\/figcaption><\/figure><figure class='gallery-item'>\n\t\t\t<div class='gallery-icon landscape'>\n\t\t\t\t<a href='https:\/\/youngcaritas.eu\/de\/logo_schweiz-2-2\/'><img loading=\"lazy\" decoding=\"async\" width=\"284\" height=\"284\" src=\"https:\/\/youngcaritas.eu\/wp-content\/uploads\/2019\/01\/Logo_Schweiz.png\" class=\"attachment-medium size-medium\" alt=\"\" aria-describedby=\"gallery-1-5920\" srcset=\"https:\/\/youngcaritas.eu\/wp-content\/uploads\/2019\/01\/Logo_Schweiz.png 284w, https:\/\/youngcaritas.eu\/wp-content\/uploads\/2019\/01\/Logo_Schweiz-150x150.png 150w\" sizes=\"(max-width: 284px) 100vw, 284px\" \/><\/a>\n\t\t\t<\/div>\n\t\t\t\t<figcaption class='wp-caption-text gallery-caption' id='gallery-1-5920'>\n\t\t\t\tyoungCaritas Switzerland\n\t\t\t\t<\/figcaption><\/figure><figure class='gallery-item'>\n\t\t\t<div class='gallery-icon landscape'>\n\t\t\t\t<a href='https:\/\/youngcaritas.eu\/de\/logo_oesterreich-2-2\/'><img loading=\"lazy\" decoding=\"async\" width=\"300\" height=\"300\" src=\"https:\/\/youngcaritas.eu\/wp-content\/uploads\/2019\/01\/Logo_\u00d6sterreich-300x300.png\" class=\"attachment-medium size-medium\" alt=\"\" aria-describedby=\"gallery-1-5918\" srcset=\"https:\/\/youngcaritas.eu\/wp-content\/uploads\/2019\/01\/Logo_\u00d6sterreich-300x300.png 300w, https:\/\/youngcaritas.eu\/wp-content\/uploads\/2019\/01\/Logo_\u00d6sterreich-150x150.png 150w, https:\/\/youngcaritas.eu\/wp-content\/uploads\/2019\/01\/Logo_\u00d6sterreich.png 378w\" sizes=\"(max-width: 300px) 100vw, 300px\" \/><\/a>\n\t\t\t<\/div>\n\t\t\t\t<figcaption class='wp-caption-text gallery-caption' id='gallery-1-5918'>\n\t\t\t\tyoungCaritas Austria\n\t\t\t\t<\/figcaption><\/figure><figure class='gallery-item'>\n\t\t\t<div class='gallery-icon landscape'>\n\t\t\t\t<a href='https:\/\/youngcaritas.eu\/de\/logo_deutschland-2-2\/'><img loading=\"lazy\" decoding=\"async\" width=\"283\" height=\"283\" src=\"https:\/\/youngcaritas.eu\/wp-content\/uploads\/2019\/01\/Logo_Deutschland.png\" class=\"attachment-medium size-medium\" alt=\"\" aria-describedby=\"gallery-1-5914\" srcset=\"https:\/\/youngcaritas.eu\/wp-content\/uploads\/2019\/01\/Logo_Deutschland.png 283w, https:\/\/youngcaritas.eu\/wp-content\/uploads\/2019\/01\/Logo_Deutschland-150x150.png 150w\" sizes=\"(max-width: 283px) 100vw, 283px\" \/><\/a>\n\t\t\t<\/div>\n\t\t\t\t<figcaption class='wp-caption-text gallery-caption' id='gallery-1-5914'>\n\t\t\t\tyoungcaritas Germany\n\t\t\t\t<\/figcaption><\/figure><figure class='gallery-item'>\n\t\t\t<div class='gallery-icon landscape'>\n\t\t\t\t<a href='https:\/\/youngcaritas.eu\/de\/mitglieder\/logo_yc_luxembourg-2\/'><img loading=\"lazy\" decoding=\"async\" width=\"300\" height=\"75\" src=\"https:\/\/youngcaritas.eu\/wp-content\/uploads\/2021\/07\/Logo_yc_Luxembourg-300x75.jpg\" class=\"attachment-medium size-medium\" alt=\"\" aria-describedby=\"gallery-1-6256\" srcset=\"https:\/\/youngcaritas.eu\/wp-content\/uploads\/2021\/07\/Logo_yc_Luxembourg-300x75.jpg 300w, https:\/\/youngcaritas.eu\/wp-content\/uploads\/2021\/07\/Logo_yc_Luxembourg.jpg 500w\" sizes=\"(max-width: 300px) 100vw, 300px\" \/><\/a>\n\t\t\t<\/div>\n\t\t\t\t<figcaption class='wp-caption-text gallery-caption' id='gallery-1-6256'>\n\t\t\t\tyoungcaritas Luxemburg\n\t\t\t\t<\/figcaption><\/figure><figure class='gallery-item'>\n\t\t\t<div class='gallery-icon landscape'>\n\t\t\t\t<a href='https:\/\/youngcaritas.eu\/de\/logo_frankreich-2-2\/'><img loading=\"lazy\" decoding=\"async\" width=\"300\" height=\"300\" src=\"https:\/\/youngcaritas.eu\/wp-content\/uploads\/2019\/01\/Logo_Frankreich-300x300.png\" class=\"attachment-medium size-medium\" alt=\"\" aria-describedby=\"gallery-1-5916\" srcset=\"https:\/\/youngcaritas.eu\/wp-content\/uploads\/2019\/01\/Logo_Frankreich-300x300.png 300w, https:\/\/youngcaritas.eu\/wp-content\/uploads\/2019\/01\/Logo_Frankreich-150x150.png 150w, https:\/\/youngcaritas.eu\/wp-content\/uploads\/2019\/01\/Logo_Frankreich.png 378w\" sizes=\"(max-width: 300px) 100vw, 300px\" \/><\/a>\n\t\t\t<\/div>\n\t\t\t\t<figcaption class='wp-caption-text gallery-caption' id='gallery-1-5916'>\n\t\t\t\tYoung Caritas France\n\t\t\t\t<\/figcaption><\/figure>\n\t\t<\/div>\n\n<p><!--more--><\/p>\n<div id=\"lmm_89615ae9\" style=\"width:640px;\" class=\"mapsmarker layermap layer-1\">\n<div id=\"lmm_panel_89615ae9\" class=\"lmm-panel\" style=\"background:#efefef;\">\n<div id=\"lmm_panel_api_89615ae9\" class=\"lmm-panel-api\"><\/div><div id=\"lmm_panel_text_89615ae9\" class=\"lmm-panel-text\" style=\"font-weight:bold;color:#373737;\">Members<\/div>\n<\/div>\n<div id=\"lmm_map_89615ae9\" class=\"lmm-map\" style=\"background:#f6f6f6;border:1px solid #ccc;height:480px; overflow:hidden;padding:0;\"><p style=\"font-size:80%;color:#9f9e9e;margin-left:5px;\">Karte wird geladen - bitte warten...<noscript><br\/><strong>Karte konnte nicht geladen werden - bitte aktivieren Sie Javascript!<\/strong><br\/><a style=\"text-decoration:none;\" href=\"https:\/\/www.mapsmarker.com\/js-disabled\" target=\"_blank\">&rarr; Weitere Informationen<\/a><\/noscript><\/p><\/div>\n<div id=\"lmm_geo_tags_89615ae9_1\" class=\"lmm-geo-tags geo\">youngcaritas Germany: <span class=\"latitude\">47.996000<\/span>, <span class=\"longitude\">7.849400<\/span><\/div>\n<div id=\"lmm_geo_tags_89615ae9_2\" class=\"lmm-geo-tags geo\">Young Caritas Luxembourg: <span class=\"latitude\">49.611300<\/span>, <span class=\"longitude\">6.129800<\/span><\/div>\n<div id=\"lmm_geo_tags_89615ae9_3\" class=\"lmm-geo-tags geo\">youngCaritas Austria: <span class=\"latitude\">48.220000<\/span>, <span class=\"longitude\">16.317800<\/span><\/div>\n<div id=\"lmm_geo_tags_89615ae9_4\" class=\"lmm-geo-tags geo\">youngCaritas Switzerland: <span class=\"latitude\">47.050500<\/span>, <span class=\"longitude\">8.305470<\/span><\/div>\n<div id=\"lmm_geo_tags_89615ae9_5\" class=\"lmm-geo-tags geo\">youngCaritas South Tyrol: <span class=\"latitude\">46.498100<\/span>, <span class=\"longitude\">11.354800<\/span><\/div>\n<div id=\"lmm_geo_tags_89615ae9_6\" class=\"lmm-geo-tags geo\">Young Caritas France: <span class=\"latitude\">48.854776<\/span>, <span class=\"longitude\">2.347641<\/span><\/div>\n<div id=\"lmm_geo_tags_89615ae9_7\" class=\"lmm-geo-tags geo\">youngCaritas Vienna: <span class=\"latitude\">48.208400<\/span>, <span class=\"longitude\">16.372500<\/span><\/div>\n<div id=\"lmm_listmarkers_89615ae9\" class=\"lmm-listmarkers\" style=\"width:640px;\">\n<table style=\"width:640px;\" id=\"lmm_listmarkers_table_89615ae9\" class=\"lmm-listmarkers-table\"><tr><td class=\"lmm-listmarkers-icon\"><img decoding=\"async\" style=\"border-radius:0;box-shadow:none;\" alt=\"marker icon\" src=\"https:\/\/youngcaritas.eu\/wp-content\/uploads\/leaflet-maps-marker-icons\/daycare.png\" \/><\/td><td class=\"lmm-listmarkers-popuptext\"><div class=\"lmm-listmarkers-panel-icons\"><a href=\"https:\/\/maps.google.com\/maps?daddr=Freiburg+im+Breisgau++Baden-W%C3%BCrttemberg%2C+Deutschland&amp;t=m&amp;layer=1&amp;doflg=ptk&amp;om=0\" target=\"_blank\" title=\"Wegbeschreibung berechnen\"><img loading=\"lazy\" decoding=\"async\" alt=\"icon-car.png\" src=\"https:\/\/youngcaritas.eu\/wp-content\/plugins\/leaflet-maps-marker\/inc\/img\/icon-car.png\" width=\"14\" height=\"14\" class=\"lmm-panel-api-images\" \/><\/a><\/div><span class=\"lmm-listmarkers-markername\">youngcaritas Germany<\/span><br\/><span class=\"lmm-listmarkers-popuptext-only\"><a href=\"https:\/\/www.youngcaritas.de\/\">https:\/\/www.youngcaritas.de\/<\/a><\/span><br\/><div class=\"lmm-listmarkers-hr\">Freiburg im Breisgau  Baden-W\u00fcrttemberg, Deutschland<\/div><\/td><\/tr><tr><td class=\"lmm-listmarkers-icon\"><img decoding=\"async\" style=\"border-radius:0;box-shadow:none;\" alt=\"marker icon\" src=\"https:\/\/youngcaritas.eu\/wp-content\/uploads\/leaflet-maps-marker-icons\/daycare.png\" \/><\/td><td class=\"lmm-listmarkers-popuptext\"><div class=\"lmm-listmarkers-panel-icons\"><a href=\"https:\/\/maps.google.com\/maps?daddr=Luxemburg+Luxembourg%2C+Luxemburg&amp;t=m&amp;layer=1&amp;doflg=ptk&amp;om=0\" target=\"_blank\" title=\"Wegbeschreibung berechnen\"><img loading=\"lazy\" decoding=\"async\" alt=\"icon-car.png\" src=\"https:\/\/youngcaritas.eu\/wp-content\/plugins\/leaflet-maps-marker\/inc\/img\/icon-car.png\" width=\"14\" height=\"14\" class=\"lmm-panel-api-images\" \/><\/a><\/div><span class=\"lmm-listmarkers-markername\">Young Caritas Luxembourg<\/span><br\/><span class=\"lmm-listmarkers-popuptext-only\"><a href=\"https:\/\/www.youngcaritas.lu\/fr\">https:\/\/www.youngcaritas.lu\/fr<\/a><\/span><br\/><div class=\"lmm-listmarkers-hr\">Luxemburg Luxembourg, Luxemburg<\/div><\/td><\/tr><tr><td class=\"lmm-listmarkers-icon\"><img decoding=\"async\" style=\"border-radius:0;box-shadow:none;\" alt=\"marker icon\" src=\"https:\/\/youngcaritas.eu\/wp-content\/uploads\/leaflet-maps-marker-icons\/daycare.png\" \/><\/td><td class=\"lmm-listmarkers-popuptext\"><div class=\"lmm-listmarkers-panel-icons\"><a href=\"https:\/\/maps.google.com\/maps?daddr=Albrechtskreithgasse+19++Wien%2C+%C3%96sterreich&amp;t=m&amp;layer=1&amp;doflg=ptk&amp;om=0\" target=\"_blank\" title=\"Wegbeschreibung berechnen\"><img loading=\"lazy\" decoding=\"async\" alt=\"icon-car.png\" src=\"https:\/\/youngcaritas.eu\/wp-content\/plugins\/leaflet-maps-marker\/inc\/img\/icon-car.png\" width=\"14\" height=\"14\" class=\"lmm-panel-api-images\" \/><\/a><\/div><span class=\"lmm-listmarkers-markername\">youngCaritas Austria<\/span><br\/><span class=\"lmm-listmarkers-popuptext-only\"><a href=\"https:\/\/www.youngcaritas.at\/\">https:\/\/www.youngcaritas.at\/<\/a><\/span><br\/><div class=\"lmm-listmarkers-hr\">Albrechtskreithgasse 19  Wien, \u00d6sterreich<\/div><\/td><\/tr><tr><td class=\"lmm-listmarkers-icon\"><img decoding=\"async\" style=\"border-radius:0;box-shadow:none;\" alt=\"marker icon\" src=\"https:\/\/youngcaritas.eu\/wp-content\/uploads\/leaflet-maps-marker-icons\/daycare.png\" \/><\/td><td class=\"lmm-listmarkers-popuptext\"><div class=\"lmm-listmarkers-panel-icons\"><a href=\"https:\/\/maps.google.com\/maps?daddr=Luzern+Luzern%2C+Schweiz&amp;t=m&amp;layer=1&amp;doflg=ptk&amp;om=0\" target=\"_blank\" title=\"Wegbeschreibung berechnen\"><img loading=\"lazy\" decoding=\"async\" alt=\"icon-car.png\" src=\"https:\/\/youngcaritas.eu\/wp-content\/plugins\/leaflet-maps-marker\/inc\/img\/icon-car.png\" width=\"14\" height=\"14\" class=\"lmm-panel-api-images\" \/><\/a><\/div><span class=\"lmm-listmarkers-markername\">youngCaritas Switzerland<\/span><br\/><span class=\"lmm-listmarkers-popuptext-only\"><a href=\"https:\/\/www.youngcaritas.ch\/\">https:\/\/www.youngcaritas.ch\/<\/a><\/span><br\/><div class=\"lmm-listmarkers-hr\">Luzern Luzern, Schweiz<\/div><\/td><\/tr><tr><td class=\"lmm-listmarkers-icon\"><img decoding=\"async\" style=\"border-radius:0;box-shadow:none;\" alt=\"marker icon\" src=\"https:\/\/youngcaritas.eu\/wp-content\/uploads\/leaflet-maps-marker-icons\/daycare.png\" \/><\/td><td class=\"lmm-listmarkers-popuptext\"><div class=\"lmm-listmarkers-panel-icons\"><a href=\"https:\/\/maps.google.com\/maps?daddr=Bozen++Trentino-Alto+Adige%2FS%C3%BCdtirol%2C+Italien&amp;t=m&amp;layer=1&amp;doflg=ptk&amp;om=0\" target=\"_blank\" title=\"Wegbeschreibung berechnen\"><img loading=\"lazy\" decoding=\"async\" alt=\"icon-car.png\" src=\"https:\/\/youngcaritas.eu\/wp-content\/plugins\/leaflet-maps-marker\/inc\/img\/icon-car.png\" width=\"14\" height=\"14\" class=\"lmm-panel-api-images\" \/><\/a><\/div><span class=\"lmm-listmarkers-markername\">youngCaritas South Tyrol<\/span><br\/><span class=\"lmm-listmarkers-popuptext-only\"><a href=\"https:\/\/www.youngcaritas.bz.it\/\">https:\/\/www.youngcaritas.bz.it\/<\/a><\/span><br\/><div class=\"lmm-listmarkers-hr\">Bozen  Trentino-Alto Adige\/S\u00fcdtirol, Italien<\/div><\/td><\/tr><tr><td class=\"lmm-listmarkers-icon\"><img decoding=\"async\" style=\"border-radius:0;box-shadow:none;\" alt=\"marker icon\" src=\"https:\/\/youngcaritas.eu\/wp-content\/uploads\/leaflet-maps-marker-icons\/daycare.png\" \/><\/td><td class=\"lmm-listmarkers-popuptext\"><div class=\"lmm-listmarkers-panel-icons\"><a href=\"https:\/\/maps.google.com\/maps?daddr=Paris+%C3%8Ele-de-France%2C+Frankreich&amp;t=m&amp;layer=1&amp;doflg=ptk&amp;om=0\" target=\"_blank\" title=\"Wegbeschreibung berechnen\"><img loading=\"lazy\" decoding=\"async\" alt=\"icon-car.png\" src=\"https:\/\/youngcaritas.eu\/wp-content\/plugins\/leaflet-maps-marker\/inc\/img\/icon-car.png\" width=\"14\" height=\"14\" class=\"lmm-panel-api-images\" \/><\/a><\/div><span class=\"lmm-listmarkers-markername\">Young Caritas France<\/span><br\/><span class=\"lmm-listmarkers-popuptext-only\"><p style=\"text-align: left\"><a href=\"https:\/\/www.secours-catholique.org\/young-caritas\">https:\/\/www.secours-catholique.org\/young-caritas<\/a><\/p><\/span><br\/><div class=\"lmm-listmarkers-hr\">Paris \u00cele-de-France, Frankreich<\/div><\/td><\/tr><tr><td class=\"lmm-listmarkers-icon\"><img decoding=\"async\" style=\"border-radius:0;box-shadow:none;\" alt=\"marker icon\" src=\"https:\/\/youngcaritas.eu\/wp-content\/uploads\/leaflet-maps-marker-icons\/daycare.png\" \/><\/td><td class=\"lmm-listmarkers-popuptext\"><div class=\"lmm-listmarkers-panel-icons\"><a href=\"https:\/\/maps.google.com\/maps?daddr=Heiligenst%C3%A4dter+Stra%C3%9Fe+31+G%C3%BCrtelbogen+353+1190+Wien&amp;t=m&amp;layer=1&amp;doflg=ptk&amp;om=0\" target=\"_blank\" title=\"Wegbeschreibung berechnen\"><img loading=\"lazy\" decoding=\"async\" alt=\"icon-car.png\" src=\"https:\/\/youngcaritas.eu\/wp-content\/plugins\/leaflet-maps-marker\/inc\/img\/icon-car.png\" width=\"14\" height=\"14\" class=\"lmm-panel-api-images\" \/><\/a><\/div><span class=\"lmm-listmarkers-markername\">youngCaritas Vienna<\/span><br\/><span class=\"lmm-listmarkers-popuptext-only\"><a href=\"https:\/\/wien.youngcaritas.at\/\">https:\/\/wien.youngcaritas.at\/<\/a><\/span><br\/><div class=\"lmm-listmarkers-hr\">Heiligenst\u00e4dter Stra\u00dfe 31 G\u00fcrtelbogen 353 1190 Wien<\/div><\/td><\/tr><\/table><\/div><\/div>\n","protected":false},"excerpt":{"rendered":"","protected":false},"author":14,"featured_media":0,"parent":0,"menu_order":0,"comment_status":"closed","ping_status":"closed","template":"","meta":{"_monsterinsights_skip_tracking":false,"_monsterinsights_sitenote_active":false,"_monsterinsights_sitenote_note":"","_monsterinsights_sitenote_category":0,"footnotes":"","_links_to":"","_links_to_target":""},"_links":{"self":[{"href":"https:\/\/youngcaritas.eu\/de\/wp-json\/wp\/v2\/pages\/5012"}],"collection":[{"href":"https:\/\/youngcaritas.eu\/de\/wp-json\/wp\/v2\/pages"}],"about":[{"href":"https:\/\/youngcaritas.eu\/de\/wp-json\/wp\/v2\/types\/page"}],"author":[{"embeddable":true,"href":"https:\/\/youngcaritas.eu\/de\/wp-json\/wp\/v2\/users\/14"}],"replies":[{"embeddable":true,"href":"https:\/\/youngcaritas.eu\/de\/wp-json\/wp\/v2\/comments?post=5012"}],"version-history":[{"count":0,"href":"https:\/\/youngcaritas.eu\/de\/wp-json\/wp\/v2\/pages\/5012\/revisions"}],"wp:attachment":[{"href":"https:\/\/youngcaritas.eu\/de\/wp-json\/wp\/v2\/media?parent=5012"}],"curies":[{"name":"wp","href":"https:\/\/api.w.org\/{rel}","templated":true}]}}