{"id":5001,"date":"2015-09-10T10:15:21","date_gmt":"2015-09-10T08:15:21","guid":{"rendered":"https:\/\/youngcaritas.eu\/idee-de-base\/"},"modified":"2015-09-10T10:15:21","modified_gmt":"2015-09-10T08:15:21","slug":"idee-de-base","status":"publish","type":"page","link":"https:\/\/youngcaritas.eu\/fr\/idee-de-base\/","title":{"rendered":"Id\u00e9e de base"},"content":{"rendered":"<p><strong>Un r\u00e9seau pour une Europe solidaire<\/strong><\/p>\n<figure id=\"attachment_2388\" aria-describedby=\"caption-attachment-2388\" style=\"width: 300px\" class=\"wp-caption alignright\"><img loading=\"lazy\" decoding=\"async\" class=\"wp-image-2388\" src=\"https:\/\/youngcaritas.eu\/wp-content\/uploads\/2018\/03\/MAINIDEA-300x225.jpg\" alt=\"\" width=\"300\" height=\"225\" srcset=\"https:\/\/youngcaritas.eu\/wp-content\/uploads\/2018\/03\/MAINIDEA-300x225.jpg 300w, https:\/\/youngcaritas.eu\/wp-content\/uploads\/2018\/03\/MAINIDEA-768x576.jpg 768w, https:\/\/youngcaritas.eu\/wp-content\/uploads\/2018\/03\/MAINIDEA.jpg 960w\" sizes=\"(max-width: 300px) 100vw, 300px\" \/><figcaption id=\"caption-attachment-2388\" class=\"wp-caption-text\">This was a historical moment: the agreement between \u201eYoung Caritas in Europe\u201c and \u201eCaritas Europa\u201c to organize the big conference in Georgia about the participation of volunteers!<\/figcaption><\/figure>\n<p>YoungCaritas in Europe est un r\u00e9seau rassemblant cinq Young Caritas nationale (<a href=\"https:\/\/youngcaritas.eu\/fr\/france\/\">France<\/a>, <a href=\"https:\/\/youngcaritas.eu\/fr\/germany\/\">Allemagne<\/a>, <a href=\"https:\/\/youngcaritas.eu\/fr\/luxembourg\/\">Luxembourg<\/a>, <a href=\"https:\/\/youngcaritas.eu\/fr\/upperaustria\/\">Autriche<\/a> et <a href=\"https:\/\/youngcaritas.eu\/fr\/switzerland\/\">Suisse<\/a>), ainsi que deux Young Caritas Dioc\u00e9saine (<a href=\"https:\/\/youngcaritas.eu\/fr\/south-tyrol\/\">Sud-Tyrol<\/a> et <a href=\"https:\/\/youngcaritas.eu\/fr\/vienna\/\">Vienne<\/a>). Tous ensemble, nous nous rencontrons pour travailler \u00e0 une plus grande solidarit\u00e9.<\/p>\n<p>En tant que r\u00e9seau, nous fournissons \u00e0 de jeunes europ\u00e9ens des opportunit\u00e9s telle que s&#8217;informer, \u00e9changer et participer \u00e0 des actions sociales depuis 2014.<\/p>\n<p><strong>Partenariats Strat\u00e9gique<\/strong><\/p>\n<p>Avec l&#8217;aide financi\u00e8re de Erasmus+ et Movetia &#8211; qui a commenc\u00e9 en Novembre 2017 &#8211; nous sommes en mesures d&#8217;\u00e9tendre nos partenariat avec comme th\u00e8me &#8220;Tu es le bienvenu &#8211; des id\u00e9es jeunes pour un monde solidaire&#8221;.<\/p>\n<p>Ensemble, nous agissons pour la paix, la justice et l&#8217;\u00e9galit\u00e9 des chances &#8211; pour tout le monde. Dans le cadre de notre partenariat nous organisons des rencontres d&#8217;\u00e9changes, qui comportent des activit\u00e9s telles que des ateliers, des visites institutionnelles pour se rendre compte du travail derri\u00e8re les activit\u00e9s propos\u00e9es par Young Caritas in Europe, and surtout des projets sociaux sont r\u00e9alis\u00e9s. Vous pouvez en d\u00e9couvrir plus sur notre<a href=\"https:\/\/youngcaritas.eu\/category\/agenda\/\"> AGENDA<\/a>.<\/p>\n<p>Lors de la premi\u00e8re <strong>Conf\u00e9rence Europ\u00e9enne Young Caritas sur l\u2019\u00e9ducation \u00e0 la solidarit\u00e9 et \u00e0 la citoyennet\u00e9 et l\u2019engagement des jeunes<\/strong>, qui a eu lieu du 21 au 23 novembre 2018 \u00e0 Vienne, 70 participants venus de 31 pays ont contribu\u00e9 \u00e0 la <a href=\"https:\/\/youngcaritas.eu\/the-vienna-declaration-on-young-caritas\/\">D\u00e9claration de Vienne des Young Caritas.<\/a><\/p>\n<p>Tu veux devenir un membre actif des Young Caritas en Europe?<br \/>\nManifeste-toi aupr\u00e8s de ta Young Caritas locale, suis nous sur<br \/>\n<a href=\"https:\/\/www.facebook.com\/youngcaritas.eu\/?ref=bookmarks\">Facebook <\/a>ou Instagram.<\/p>\n<p>En travaillant ensemble, nous pouvons changer le monde.<\/p>\n<p>&nbsp;<\/p>\n<p>&nbsp;<\/p>\n","protected":false},"excerpt":{"rendered":"<p>Un r\u00e9seau pour une Europe solidaire YoungCaritas in Europe est un r\u00e9seau rassemblant cinq Young Caritas nationale (France, Allemagne, Luxembourg,<\/p>\n","protected":false},"author":4,"featured_media":0,"parent":0,"menu_order":0,"comment_status":"closed","ping_status":"closed","template":"","meta":{"_monsterinsights_skip_tracking":false,"_monsterinsights_sitenote_active":false,"_monsterinsights_sitenote_note":"","_monsterinsights_sitenote_category":0,"footnotes":"","_links_to":"","_links_to_target":""},"_links":{"self":[{"href":"https:\/\/youngcaritas.eu\/fr\/wp-json\/wp\/v2\/pages\/5001"}],"collection":[{"href":"https:\/\/youngcaritas.eu\/fr\/wp-json\/wp\/v2\/pages"}],"about":[{"href":"https:\/\/youngcaritas.eu\/fr\/wp-json\/wp\/v2\/types\/page"}],"author":[{"embeddable":true,"href":"https:\/\/youngcaritas.eu\/fr\/wp-json\/wp\/v2\/users\/4"}],"replies":[{"embeddable":true,"href":"https:\/\/youngcaritas.eu\/fr\/wp-json\/wp\/v2\/comments?post=5001"}],"version-history":[{"count":0,"href":"https:\/\/youngcaritas.eu\/fr\/wp-json\/wp\/v2\/pages\/5001\/revisions"}],"wp:attachment":[{"href":"https:\/\/youngcaritas.eu\/fr\/wp-json\/wp\/v2\/media?parent=5001"}],"curies":[{"name":"wp","href":"https:\/\/api.w.org\/{rel}","templated":true}]}}